{"id":4046,"date":"2025-10-23T18:00:56","date_gmt":"2025-10-23T18:00:56","guid":{"rendered":"https:\/\/galeriaelmuseo.com\/tienda\/?post_type=product&#038;p=4046"},"modified":"2025-10-23T18:00:56","modified_gmt":"2025-10-23T18:00:56","slug":"bernardo-salcedo-frases-de-cajon-los-bananeros-contentos-replica-isitcake","status":"publish","type":"product","link":"https:\/\/galeriaelmuseo.com\/tienda\/producto\/bernardo-salcedo-frases-de-cajon-los-bananeros-contentos-replica-isitcake\/","title":{"rendered":"Bernardo Salcedo. Frases de caj\u00f3n. Los bananeros contentos. R\u00e9plica (# isitcake?)"},"content":{"rendered":"<p>* El costo del env\u00edo no est\u00e1 incluido.<br \/>\nPara env\u00edos en Bogot\u00e1 y el resto del pa\u00eds, el valor ser\u00e1 calculado en el checkout.<br \/>\nPara env\u00edos fuera Colombia, nos pondremos en contacto<br \/>\ncon usted para coordinar embalaje y transporte.<\/p>\n","protected":false},"excerpt":{"rendered":"<p><strong>Artista:<\/strong> Marco Mojica<br \/>\n<strong>T\u00edtulo:\u00a0<\/strong><em> <span class=\"workName\">Bernardo Salcedo. Frases de caj\u00f3n. Los bananeros contentos. R\u00e9plica (# isitcake?)<\/span><\/em><strong><br \/>\nT\u00e9cnica:<\/strong> <span class=\"workTechnique\">Tinta sobre papel<\/span><br \/>\n<strong>Dimensiones:<\/strong> 56.5 x 10 x 56.5 cm<br \/>\n<strong>A\u00f1o:\u00a0 <\/strong>2024<\/p>\n<p>Para m\u00e1s informaci\u00f3n comun\u00edquese a nuestro<br \/>\n<img decoding=\"async\" class=\"alignnone wp-image-3564\" src=\"https:\/\/galeriaelmuseo.com\/tienda\/wp-content\/uploads\/2025\/02\/whatsapp-300x300.png\" alt=\"\" width=\"26\" height=\"26\" srcset=\"https:\/\/galeriaelmuseo.com\/tienda\/wp-content\/uploads\/2025\/02\/whatsapp-300x300.png 300w, https:\/\/galeriaelmuseo.com\/tienda\/wp-content\/uploads\/2025\/02\/whatsapp-150x150.png 150w, https:\/\/galeriaelmuseo.com\/tienda\/wp-content\/uploads\/2025\/02\/whatsapp-100x100.png 100w, https:\/\/galeriaelmuseo.com\/tienda\/wp-content\/uploads\/2025\/02\/whatsapp.png 512w\" sizes=\"(max-width: 26px) 100vw, 26px\" \/><span style=\"color: #008000;\"><a style=\"color: #008000;\" href=\"https:\/\/wa.me\/573106974179\"><strong> 310 6974179<\/strong><\/a><\/span><\/p>\n<hr \/>\n<h6><strong><span style=\"font-size: 1.1em;\">* El costo del env\u00edo no est\u00e1 incluido. Para env\u00edos en Bogot\u00e1 y el resto del pa\u00eds, el valor ser\u00e1 calculado en el checkout. Para env\u00edos fuera Colombia, nos pondremos en contacto con usted para coordinar embalaje y transporte.<\/span><\/strong><\/h6>\n","protected":false},"featured_media":4047,"comment_status":"open","ping_status":"closed","template":"","meta":{"site-sidebar-layout":"default","site-content-layout":"","ast-site-content-layout":"default","site-content-style":"default","site-sidebar-style":"default","ast-global-header-display":"","ast-banner-title-visibility":"","ast-main-header-display":"","ast-hfb-above-header-display":"","ast-hfb-below-header-display":"","ast-hfb-mobile-header-display":"","site-post-title":"","ast-breadcrumbs-content":"","ast-featured-img":"","footer-sml-layout":"","ast-disable-related-posts":"","theme-transparent-header-meta":"default","adv-header-id-meta":"","stick-header-meta":"","header-above-stick-meta":"","header-main-stick-meta":"","header-below-stick-meta":"","astra-migrate-meta-layouts":"set","ast-page-background-enabled":"default","ast-page-background-meta":{"desktop":{"background-color":"","background-image":"","background-repeat":"repeat","background-position":"center center","background-size":"auto","background-attachment":"scroll","background-type":"","background-media":"","overlay-type":"","overlay-color":"","overlay-opacity":"","overlay-gradient":""},"tablet":{"background-color":"","background-image":"","background-repeat":"repeat","background-position":"center center","background-size":"auto","background-attachment":"scroll","background-type":"","background-media":"","overlay-type":"","overlay-color":"","overlay-opacity":"","overlay-gradient":""},"mobile":{"background-color":"","background-image":"","background-repeat":"repeat","background-position":"center center","background-size":"auto","background-attachment":"scroll","background-type":"","background-media":"","overlay-type":"","overlay-color":"","overlay-opacity":"","overlay-gradient":""}},"ast-content-background-meta":{"desktop":{"background-color":"var(--ast-global-color-5)","background-image":"","background-repeat":"repeat","background-position":"center center","background-size":"auto","background-attachment":"scroll","background-type":"","background-media":"","overlay-type":"","overlay-color":"","overlay-opacity":"","overlay-gradient":""},"tablet":{"background-color":"var(--ast-global-color-5)","background-image":"","background-repeat":"repeat","background-position":"center center","background-size":"auto","background-attachment":"scroll","background-type":"","background-media":"","overlay-type":"","overlay-color":"","overlay-opacity":"","overlay-gradient":""},"mobile":{"background-color":"var(--ast-global-color-5)","background-image":"","background-repeat":"repeat","background-position":"center center","background-size":"auto","background-attachment":"scroll","background-type":"","background-media":"","overlay-type":"","overlay-color":"","overlay-opacity":"","overlay-gradient":""}}},"product_brand":[],"product_cat":[230],"product_tag":[137,140],"class_list":{"0":"post-4046","1":"product","2":"type-product","3":"status-publish","4":"has-post-thumbnail","6":"product_cat-mojica-marco","7":"product_tag-obras-sobre-papel","8":"product_tag-ver-todo","9":"desktop-align-left","10":"tablet-align-left","11":"mobile-align-left","13":"first","14":"instock","15":"sold-individually","16":"taxable","17":"shipping-taxable","18":"purchasable","19":"product-type-simple"},"jetpack_sharing_enabled":true,"_links":{"self":[{"href":"https:\/\/galeriaelmuseo.com\/tienda\/wp-json\/wp\/v2\/product\/4046","targetHints":{"allow":["GET"]}}],"collection":[{"href":"https:\/\/galeriaelmuseo.com\/tienda\/wp-json\/wp\/v2\/product"}],"about":[{"href":"https:\/\/galeriaelmuseo.com\/tienda\/wp-json\/wp\/v2\/types\/product"}],"replies":[{"embeddable":true,"href":"https:\/\/galeriaelmuseo.com\/tienda\/wp-json\/wp\/v2\/comments?post=4046"}],"version-history":[{"count":1,"href":"https:\/\/galeriaelmuseo.com\/tienda\/wp-json\/wp\/v2\/product\/4046\/revisions"}],"predecessor-version":[{"id":4048,"href":"https:\/\/galeriaelmuseo.com\/tienda\/wp-json\/wp\/v2\/product\/4046\/revisions\/4048"}],"wp:featuredmedia":[{"embeddable":true,"href":"https:\/\/galeriaelmuseo.com\/tienda\/wp-json\/wp\/v2\/media\/4047"}],"wp:attachment":[{"href":"https:\/\/galeriaelmuseo.com\/tienda\/wp-json\/wp\/v2\/media?parent=4046"}],"wp:term":[{"taxonomy":"product_brand","embeddable":true,"href":"https:\/\/galeriaelmuseo.com\/tienda\/wp-json\/wp\/v2\/product_brand?post=4046"},{"taxonomy":"product_cat","embeddable":true,"href":"https:\/\/galeriaelmuseo.com\/tienda\/wp-json\/wp\/v2\/product_cat?post=4046"},{"taxonomy":"product_tag","embeddable":true,"href":"https:\/\/galeriaelmuseo.com\/tienda\/wp-json\/wp\/v2\/product_tag?post=4046"}],"curies":[{"name":"wp","href":"https:\/\/api.w.org\/{rel}","templated":true}]}}