{"id":3535,"date":"2024-11-21T17:18:04","date_gmt":"2024-11-21T17:18:04","guid":{"rendered":"https:\/\/galeriaelmuseo.com\/tienda\/?post_type=product&#038;p=3535"},"modified":"2025-11-12T19:53:30","modified_gmt":"2025-11-12T19:53:30","slug":"pato-desparramado-cafe","status":"publish","type":"product","link":"https:\/\/galeriaelmuseo.com\/tienda\/producto\/pato-desparramado-cafe\/","title":{"rendered":"Pato desparramado (caf\u00e9)"},"content":{"rendered":"<p>* El costo del env\u00edo no est\u00e1 incluido.<br \/>\nPara env\u00edos en Bogot\u00e1 y el resto del pa\u00eds, el valor ser\u00e1 calculado en el checkout.<br \/>\nPara env\u00edos fuera Colombia, nos pondremos en contacto<br \/>\ncon usted para coordinar embalaje y transporte.<\/p>\n","protected":false},"excerpt":{"rendered":"<p>&nbsp;<\/p>\n<p><strong>Artista:<\/strong> Nicolas Wills<br \/>\n<strong>T\u00edtulo:\u00a0<\/strong><em> Pato desparramado (caf\u00e9)<\/em><strong><br \/>\nT\u00e9cnica:<\/strong> Cer\u00e1mica esmaltada<br \/>\n<strong>Dimensiones:<\/strong> 10 x 52 x 37 cm<br \/>\n<strong>A\u00f1o:\u00a0 <\/strong>2023<\/p>\n<hr \/>\n<p><strong>* El costo del env\u00edo no est\u00e1 incluido. Para env\u00edos en Bogot\u00e1 y el resto del pa\u00eds, el valor ser\u00e1 calculado en el checkout. Para env\u00edos fuera Colombia, nos pondremos en contacto con usted para coordinar embalaje y transporte.<\/strong><\/p>\n","protected":false},"featured_media":3536,"comment_status":"open","ping_status":"closed","template":"","meta":{"site-sidebar-layout":"default","site-content-layout":"","ast-site-content-layout":"default","site-content-style":"default","site-sidebar-style":"default","ast-global-header-display":"","ast-banner-title-visibility":"","ast-main-header-display":"","ast-hfb-above-header-display":"","ast-hfb-below-header-display":"","ast-hfb-mobile-header-display":"","site-post-title":"","ast-breadcrumbs-content":"","ast-featured-img":"","footer-sml-layout":"","ast-disable-related-posts":"","theme-transparent-header-meta":"default","adv-header-id-meta":"","stick-header-meta":"","header-above-stick-meta":"","header-main-stick-meta":"","header-below-stick-meta":"","astra-migrate-meta-layouts":"set","ast-page-background-enabled":"default","ast-page-background-meta":{"desktop":{"background-color":"","background-image":"","background-repeat":"repeat","background-position":"center center","background-size":"auto","background-attachment":"scroll","background-type":"","background-media":"","overlay-type":"","overlay-color":"","overlay-opacity":"","overlay-gradient":""},"tablet":{"background-color":"","background-image":"","background-repeat":"repeat","background-position":"center center","background-size":"auto","background-attachment":"scroll","background-type":"","background-media":"","overlay-type":"","overlay-color":"","overlay-opacity":"","overlay-gradient":""},"mobile":{"background-color":"","background-image":"","background-repeat":"repeat","background-position":"center center","background-size":"auto","background-attachment":"scroll","background-type":"","background-media":"","overlay-type":"","overlay-color":"","overlay-opacity":"","overlay-gradient":""}},"ast-content-background-meta":{"desktop":{"background-color":"var(--ast-global-color-5)","background-image":"","background-repeat":"repeat","background-position":"center center","background-size":"auto","background-attachment":"scroll","background-type":"","background-media":"","overlay-type":"","overlay-color":"","overlay-opacity":"","overlay-gradient":""},"tablet":{"background-color":"var(--ast-global-color-5)","background-image":"","background-repeat":"repeat","background-position":"center center","background-size":"auto","background-attachment":"scroll","background-type":"","background-media":"","overlay-type":"","overlay-color":"","overlay-opacity":"","overlay-gradient":""},"mobile":{"background-color":"var(--ast-global-color-5)","background-image":"","background-repeat":"repeat","background-position":"center center","background-size":"auto","background-attachment":"scroll","background-type":"","background-media":"","overlay-type":"","overlay-color":"","overlay-opacity":"","overlay-gradient":""}}},"product_brand":[],"product_cat":[192],"product_tag":[152,140],"class_list":{"0":"post-3535","1":"product","2":"type-product","3":"status-publish","4":"has-post-thumbnail","6":"product_cat-wills-nicolas","7":"product_tag-esculturas","8":"product_tag-ver-todo","9":"desktop-align-left","10":"tablet-align-left","11":"mobile-align-left","13":"first","14":"instock","15":"sold-individually","16":"taxable","17":"shipping-taxable","18":"purchasable","19":"product-type-simple"},"jetpack_sharing_enabled":true,"_links":{"self":[{"href":"https:\/\/galeriaelmuseo.com\/tienda\/wp-json\/wp\/v2\/product\/3535","targetHints":{"allow":["GET"]}}],"collection":[{"href":"https:\/\/galeriaelmuseo.com\/tienda\/wp-json\/wp\/v2\/product"}],"about":[{"href":"https:\/\/galeriaelmuseo.com\/tienda\/wp-json\/wp\/v2\/types\/product"}],"replies":[{"embeddable":true,"href":"https:\/\/galeriaelmuseo.com\/tienda\/wp-json\/wp\/v2\/comments?post=3535"}],"version-history":[{"count":2,"href":"https:\/\/galeriaelmuseo.com\/tienda\/wp-json\/wp\/v2\/product\/3535\/revisions"}],"predecessor-version":[{"id":3574,"href":"https:\/\/galeriaelmuseo.com\/tienda\/wp-json\/wp\/v2\/product\/3535\/revisions\/3574"}],"wp:featuredmedia":[{"embeddable":true,"href":"https:\/\/galeriaelmuseo.com\/tienda\/wp-json\/wp\/v2\/media\/3536"}],"wp:attachment":[{"href":"https:\/\/galeriaelmuseo.com\/tienda\/wp-json\/wp\/v2\/media?parent=3535"}],"wp:term":[{"taxonomy":"product_brand","embeddable":true,"href":"https:\/\/galeriaelmuseo.com\/tienda\/wp-json\/wp\/v2\/product_brand?post=3535"},{"taxonomy":"product_cat","embeddable":true,"href":"https:\/\/galeriaelmuseo.com\/tienda\/wp-json\/wp\/v2\/product_cat?post=3535"},{"taxonomy":"product_tag","embeddable":true,"href":"https:\/\/galeriaelmuseo.com\/tienda\/wp-json\/wp\/v2\/product_tag?post=3535"}],"curies":[{"name":"wp","href":"https:\/\/api.w.org\/{rel}","templated":true}]}}