{"id":3407,"date":"2024-11-13T22:03:19","date_gmt":"2024-11-13T22:03:19","guid":{"rendered":"https:\/\/galeriaelmuseo.com\/tienda\/?post_type=product&#038;p=3407"},"modified":"2024-11-18T22:52:42","modified_gmt":"2024-11-18T22:52:42","slug":"sin-titulo-29","status":"publish","type":"product","link":"https:\/\/galeriaelmuseo.com\/tienda\/producto\/sin-titulo-29\/","title":{"rendered":"Sin t\u00edtulo"},"content":{"rendered":"<p>* El costo del env\u00edo no est\u00e1 incluido.<br \/>\nPara env\u00edos en Bogot\u00e1 y el resto del pa\u00eds, el valor ser\u00e1 calculado en el checkout.<br \/>\nPara env\u00edos fuera Colombia, nos pondremos en contacto<br \/>\ncon usted para coordinar embalaje y transporte.<\/p>\n","protected":false},"excerpt":{"rendered":"<p>&nbsp;<\/p>\n<p><strong>Artista:<\/strong> Eduardo Ram\u00edrez Villamizar<br \/>\n<strong>T\u00edtulo:\u00a0<\/strong><em> Sin t\u00edtulo<\/em><strong><br \/>\nT\u00e9cnica:<\/strong> Serigraf\u00eda sobre papel &#8211; Ed.100<br \/>\n<strong>Dimensiones:<\/strong> 70 x 50 cm<br \/>\n<strong>A\u00f1o: <\/strong>1990<\/p>\n<hr \/>\n<h6>* El costo del env\u00edo no est\u00e1 incluido. Para env\u00edos en Bogot\u00e1 y el resto del pa\u00eds, el valor ser\u00e1 calculado en el checkout. Para env\u00edos fuera Colombia, nos pondremos en contacto con usted para coordinar embalaje y transporte.<\/h6>\n","protected":false},"featured_media":3408,"comment_status":"open","ping_status":"closed","template":"","meta":{"site-sidebar-layout":"default","site-content-layout":"","ast-site-content-layout":"default","site-content-style":"default","site-sidebar-style":"default","ast-global-header-display":"","ast-banner-title-visibility":"","ast-main-header-display":"","ast-hfb-above-header-display":"","ast-hfb-below-header-display":"","ast-hfb-mobile-header-display":"","site-post-title":"","ast-breadcrumbs-content":"","ast-featured-img":"","footer-sml-layout":"","ast-disable-related-posts":"","theme-transparent-header-meta":"default","adv-header-id-meta":"","stick-header-meta":"","header-above-stick-meta":"","header-main-stick-meta":"","header-below-stick-meta":"","astra-migrate-meta-layouts":"set","ast-page-background-enabled":"default","ast-page-background-meta":{"desktop":{"background-color":"","background-image":"","background-repeat":"repeat","background-position":"center center","background-size":"auto","background-attachment":"scroll","background-type":"","background-media":"","overlay-type":"","overlay-color":"","overlay-opacity":"","overlay-gradient":""},"tablet":{"background-color":"","background-image":"","background-repeat":"repeat","background-position":"center center","background-size":"auto","background-attachment":"scroll","background-type":"","background-media":"","overlay-type":"","overlay-color":"","overlay-opacity":"","overlay-gradient":""},"mobile":{"background-color":"","background-image":"","background-repeat":"repeat","background-position":"center center","background-size":"auto","background-attachment":"scroll","background-type":"","background-media":"","overlay-type":"","overlay-color":"","overlay-opacity":"","overlay-gradient":""}},"ast-content-background-meta":{"desktop":{"background-color":"var(--ast-global-color-5)","background-image":"","background-repeat":"repeat","background-position":"center center","background-size":"auto","background-attachment":"scroll","background-type":"","background-media":"","overlay-type":"","overlay-color":"","overlay-opacity":"","overlay-gradient":""},"tablet":{"background-color":"var(--ast-global-color-5)","background-image":"","background-repeat":"repeat","background-position":"center center","background-size":"auto","background-attachment":"scroll","background-type":"","background-media":"","overlay-type":"","overlay-color":"","overlay-opacity":"","overlay-gradient":""},"mobile":{"background-color":"var(--ast-global-color-5)","background-image":"","background-repeat":"repeat","background-position":"center center","background-size":"auto","background-attachment":"scroll","background-type":"","background-media":"","overlay-type":"","overlay-color":"","overlay-opacity":"","overlay-gradient":""}}},"product_brand":[],"product_cat":[173],"product_tag":[150,191,140],"class_list":{"0":"post-3407","1":"product","2":"type-product","3":"status-publish","4":"has-post-thumbnail","6":"product_cat-ramirez-villamizar-eduardo","7":"product_tag-fotografia-y-obra-grafica","8":"product_tag-regalos-corporativos","9":"product_tag-ver-todo","10":"desktop-align-left","11":"tablet-align-left","12":"mobile-align-left","14":"first","15":"instock","16":"sold-individually","17":"taxable","18":"shipping-taxable","19":"purchasable","20":"product-type-simple"},"jetpack_sharing_enabled":true,"_links":{"self":[{"href":"https:\/\/galeriaelmuseo.com\/tienda\/wp-json\/wp\/v2\/product\/3407","targetHints":{"allow":["GET"]}}],"collection":[{"href":"https:\/\/galeriaelmuseo.com\/tienda\/wp-json\/wp\/v2\/product"}],"about":[{"href":"https:\/\/galeriaelmuseo.com\/tienda\/wp-json\/wp\/v2\/types\/product"}],"replies":[{"embeddable":true,"href":"https:\/\/galeriaelmuseo.com\/tienda\/wp-json\/wp\/v2\/comments?post=3407"}],"version-history":[{"count":1,"href":"https:\/\/galeriaelmuseo.com\/tienda\/wp-json\/wp\/v2\/product\/3407\/revisions"}],"predecessor-version":[{"id":3409,"href":"https:\/\/galeriaelmuseo.com\/tienda\/wp-json\/wp\/v2\/product\/3407\/revisions\/3409"}],"wp:featuredmedia":[{"embeddable":true,"href":"https:\/\/galeriaelmuseo.com\/tienda\/wp-json\/wp\/v2\/media\/3408"}],"wp:attachment":[{"href":"https:\/\/galeriaelmuseo.com\/tienda\/wp-json\/wp\/v2\/media?parent=3407"}],"wp:term":[{"taxonomy":"product_brand","embeddable":true,"href":"https:\/\/galeriaelmuseo.com\/tienda\/wp-json\/wp\/v2\/product_brand?post=3407"},{"taxonomy":"product_cat","embeddable":true,"href":"https:\/\/galeriaelmuseo.com\/tienda\/wp-json\/wp\/v2\/product_cat?post=3407"},{"taxonomy":"product_tag","embeddable":true,"href":"https:\/\/galeriaelmuseo.com\/tienda\/wp-json\/wp\/v2\/product_tag?post=3407"}],"curies":[{"name":"wp","href":"https:\/\/api.w.org\/{rel}","templated":true}]}}