{"id":3032,"date":"2023-11-01T20:18:52","date_gmt":"2023-11-01T20:18:52","guid":{"rendered":"https:\/\/galeriaelmuseo.com\/tienda\/?post_type=product&#038;p=3032"},"modified":"2023-12-21T17:06:52","modified_gmt":"2023-12-21T17:06:52","slug":"la-persistencia-del-deseo","status":"publish","type":"product","link":"https:\/\/galeriaelmuseo.com\/tienda\/producto\/la-persistencia-del-deseo\/","title":{"rendered":"La persistencia del deseo"},"content":{"rendered":"<p>* El costo del env\u00edo no est\u00e1 incluido.<br \/>\nPara env\u00edos en Bogot\u00e1 y el resto del pa\u00eds, el valor ser\u00e1 calculado en el checkout.<br \/>\nPara env\u00edos fuera Colombia, nos pondremos en contacto<br \/>\ncon usted para coordinar embalaje y transporte.<\/p>\n","protected":false},"excerpt":{"rendered":"<p><strong><br \/>\nArtista:<\/strong> Nad\u00edn Ospina<br \/>\n<strong>T\u00edtulo:\u00a0<\/strong><em> La persistencia del deseo<\/em><strong><br \/>\nT\u00e9cnica:<\/strong> Resina de poliester Ed. 100<br \/>\n<strong>Dimensiones:<\/strong> 11.5 x 14 x 3.5 cm<br \/>\n<strong>A\u00f1o:\u00a0<\/strong>2022<\/p>\n<hr \/>\n<h6>* El costo del env\u00edo no est\u00e1 incluido. Para env\u00edos en Bogot\u00e1 y el resto del pa\u00eds, el valor ser\u00e1 calculado en el checkout. Para env\u00edos fuera Colombia, nos pondremos en contacto con usted para coordinar embalaje y transporte.<\/h6>\n","protected":false},"featured_media":3033,"comment_status":"open","ping_status":"closed","template":"","meta":{"site-sidebar-layout":"default","site-content-layout":"","ast-site-content-layout":"default","site-content-style":"default","site-sidebar-style":"default","ast-global-header-display":"","ast-banner-title-visibility":"","ast-main-header-display":"","ast-hfb-above-header-display":"","ast-hfb-below-header-display":"","ast-hfb-mobile-header-display":"","site-post-title":"","ast-breadcrumbs-content":"","ast-featured-img":"","footer-sml-layout":"","ast-disable-related-posts":"","theme-transparent-header-meta":"default","adv-header-id-meta":"","stick-header-meta":"","header-above-stick-meta":"","header-main-stick-meta":"","header-below-stick-meta":"","astra-migrate-meta-layouts":"set","ast-page-background-enabled":"default","ast-page-background-meta":{"desktop":{"background-color":"","background-image":"","background-repeat":"repeat","background-position":"center center","background-size":"auto","background-attachment":"scroll","background-type":"","background-media":"","overlay-type":"","overlay-color":"","overlay-opacity":"","overlay-gradient":""},"tablet":{"background-color":"","background-image":"","background-repeat":"repeat","background-position":"center center","background-size":"auto","background-attachment":"scroll","background-type":"","background-media":"","overlay-type":"","overlay-color":"","overlay-opacity":"","overlay-gradient":""},"mobile":{"background-color":"","background-image":"","background-repeat":"repeat","background-position":"center center","background-size":"auto","background-attachment":"scroll","background-type":"","background-media":"","overlay-type":"","overlay-color":"","overlay-opacity":"","overlay-gradient":""}},"ast-content-background-meta":{"desktop":{"background-color":"var(--ast-global-color-5)","background-image":"","background-repeat":"repeat","background-position":"center center","background-size":"auto","background-attachment":"scroll","background-type":"","background-media":"","overlay-type":"","overlay-color":"","overlay-opacity":"","overlay-gradient":""},"tablet":{"background-color":"var(--ast-global-color-5)","background-image":"","background-repeat":"repeat","background-position":"center center","background-size":"auto","background-attachment":"scroll","background-type":"","background-media":"","overlay-type":"","overlay-color":"","overlay-opacity":"","overlay-gradient":""},"mobile":{"background-color":"var(--ast-global-color-5)","background-image":"","background-repeat":"repeat","background-position":"center center","background-size":"auto","background-attachment":"scroll","background-type":"","background-media":"","overlay-type":"","overlay-color":"","overlay-opacity":"","overlay-gradient":""}}},"product_brand":[],"product_cat":[143],"product_tag":[152,140],"class_list":{"0":"post-3032","1":"product","2":"type-product","3":"status-publish","4":"has-post-thumbnail","6":"product_cat-ospina-nadin","7":"product_tag-esculturas","8":"product_tag-ver-todo","9":"desktop-align-left","10":"tablet-align-left","11":"mobile-align-left","13":"first","14":"instock","15":"sold-individually","16":"taxable","17":"shipping-taxable","18":"purchasable","19":"product-type-simple"},"jetpack_sharing_enabled":true,"_links":{"self":[{"href":"https:\/\/galeriaelmuseo.com\/tienda\/wp-json\/wp\/v2\/product\/3032","targetHints":{"allow":["GET"]}}],"collection":[{"href":"https:\/\/galeriaelmuseo.com\/tienda\/wp-json\/wp\/v2\/product"}],"about":[{"href":"https:\/\/galeriaelmuseo.com\/tienda\/wp-json\/wp\/v2\/types\/product"}],"replies":[{"embeddable":true,"href":"https:\/\/galeriaelmuseo.com\/tienda\/wp-json\/wp\/v2\/comments?post=3032"}],"version-history":[{"count":0,"href":"https:\/\/galeriaelmuseo.com\/tienda\/wp-json\/wp\/v2\/product\/3032\/revisions"}],"wp:featuredmedia":[{"embeddable":true,"href":"https:\/\/galeriaelmuseo.com\/tienda\/wp-json\/wp\/v2\/media\/3033"}],"wp:attachment":[{"href":"https:\/\/galeriaelmuseo.com\/tienda\/wp-json\/wp\/v2\/media?parent=3032"}],"wp:term":[{"taxonomy":"product_brand","embeddable":true,"href":"https:\/\/galeriaelmuseo.com\/tienda\/wp-json\/wp\/v2\/product_brand?post=3032"},{"taxonomy":"product_cat","embeddable":true,"href":"https:\/\/galeriaelmuseo.com\/tienda\/wp-json\/wp\/v2\/product_cat?post=3032"},{"taxonomy":"product_tag","embeddable":true,"href":"https:\/\/galeriaelmuseo.com\/tienda\/wp-json\/wp\/v2\/product_tag?post=3032"}],"curies":[{"name":"wp","href":"https:\/\/api.w.org\/{rel}","templated":true}]}}