{"id":1527,"date":"2020-08-06T16:13:20","date_gmt":"2020-08-06T16:13:20","guid":{"rendered":"https:\/\/galeriaelmuseo.com\/tienda\/?page_id=1527"},"modified":"2025-07-25T20:43:45","modified_gmt":"2025-07-25T20:43:45","slug":"politica-de-privacidad","status":"publish","type":"page","link":"https:\/\/galeriaelmuseo.com\/tienda\/politica-de-privacidad\/","title":{"rendered":"Pol\u00edtica de Privacidad"},"content":{"rendered":"\t\t<div data-elementor-type=\"wp-page\" data-elementor-id=\"1527\" class=\"elementor elementor-1527\" data-elementor-post-type=\"page\">\n\t\t\t\t\t\t<section class=\"elementor-section elementor-top-section elementor-element elementor-element-bc2009b elementor-section-height-min-height elementor-section-stretched elementor-section-boxed elementor-section-height-default elementor-section-items-middle\" data-id=\"bc2009b\" data-element_type=\"section\" data-e-type=\"section\" data-settings=\"{&quot;background_background&quot;:&quot;classic&quot;,&quot;stretch_section&quot;:&quot;section-stretched&quot;}\">\n\t\t\t\t\t\t<div class=\"elementor-container elementor-column-gap-default\">\n\t\t\t\t\t<div class=\"elementor-column elementor-col-100 elementor-top-column elementor-element elementor-element-d6ea73e\" data-id=\"d6ea73e\" data-element_type=\"column\" data-e-type=\"column\">\n\t\t\t<div class=\"elementor-widget-wrap elementor-element-populated\">\n\t\t\t\t\t\t<div class=\"elementor-element elementor-element-267f289 elementor-widget elementor-widget-heading\" data-id=\"267f289\" data-element_type=\"widget\" data-e-type=\"widget\" data-widget_type=\"heading.default\">\n\t\t\t\t<div class=\"elementor-widget-container\">\n\t\t\t\t\t<h2 class=\"elementor-heading-title elementor-size-default\">POLITICA DE PRIVACIDAD Y <br>DE TRATAMIENTOS DE DATOS PERSONALES<\/h2>\t\t\t\t<\/div>\n\t\t\t\t<\/div>\n\t\t\t\t\t<\/div>\n\t\t<\/div>\n\t\t\t\t\t<\/div>\n\t\t<\/section>\n\t\t\t\t<section class=\"elementor-section elementor-top-section elementor-element elementor-element-c40a741 elementor-section-boxed elementor-section-height-default elementor-section-height-default\" data-id=\"c40a741\" data-element_type=\"section\" data-e-type=\"section\">\n\t\t\t\t\t\t<div class=\"elementor-container elementor-column-gap-default\">\n\t\t\t\t\t<div class=\"elementor-column elementor-col-100 elementor-top-column elementor-element elementor-element-9abd5af\" data-id=\"9abd5af\" data-element_type=\"column\" data-e-type=\"column\">\n\t\t\t<div class=\"elementor-widget-wrap elementor-element-populated\">\n\t\t\t\t\t\t<div class=\"elementor-element elementor-element-8812dbe elementor-widget elementor-widget-spacer\" data-id=\"8812dbe\" data-element_type=\"widget\" data-e-type=\"widget\" data-widget_type=\"spacer.default\">\n\t\t\t\t<div class=\"elementor-widget-container\">\n\t\t\t\t\t\t\t<div class=\"elementor-spacer\">\n\t\t\t<div class=\"elementor-spacer-inner\"><\/div>\n\t\t<\/div>\n\t\t\t\t\t\t<\/div>\n\t\t\t\t<\/div>\n\t\t\t\t<div class=\"elementor-element elementor-element-f93bc1c elementor-widget elementor-widget-text-editor\" data-id=\"f93bc1c\" data-element_type=\"widget\" data-e-type=\"widget\" data-widget_type=\"text-editor.default\">\n\t\t\t\t<div class=\"elementor-widget-container\">\n\t\t\t\t\t\t\t\t\t<p data-start=\"328\" data-end=\"361\"><strong data-start=\"328\" data-end=\"353\">\u00daltima actualizaci\u00f3n:<\/strong> Julio 19 | 2025<\/p><p data-start=\"363\" data-end=\"634\">\u00a0<\/p><p data-start=\"363\" data-end=\"634\"><strong data-start=\"363\" data-end=\"406\">1. Responsable del tratamiento de datos<\/strong><br data-start=\"406\" data-end=\"409\" \/><br \/>Nombre del responsable: <strong data-start=\"433\" data-end=\"471\">PRALAR S.A.S<\/strong><br data-start=\"471\" data-end=\"474\" \/>NIT o c\u00e9dula: <strong data-start=\"488\" data-end=\"500\">900088205-6<\/strong><br data-start=\"500\" data-end=\"503\" \/>Direcci\u00f3n: <strong data-start=\"514\" data-end=\"550\">Calle 80 No 11 &#8211; 42, Bogot\u00e1, Colombia<\/strong><br data-start=\"550\" data-end=\"553\" \/>Correo electr\u00f3nico: <strong data-start=\"573\" data-end=\"597\">info@galeriaelmuseo.com<\/strong><br data-start=\"597\" data-end=\"600\" \/>Tel\u00e9fono: <strong data-start=\"610\" data-end=\"634\">(+57) 601 7447588<\/strong><\/p><p data-start=\"636\" data-end=\"791\"><strong data-start=\"636\" data-end=\"677\">2. Finalidad del tratamiento de datos<\/strong><br data-start=\"677\" data-end=\"680\" \/>Los datos personales recolectados a trav\u00e9s de este sitio web ser\u00e1n utilizados con las siguientes finalidades:<\/p><ul data-start=\"792\" data-end=\"1033\"><li data-start=\"792\" data-end=\"862\"><p data-start=\"794\" data-end=\"862\">Enviar informaci\u00f3n relacionada con nuestros productos o servicios.<\/p><\/li><li data-start=\"863\" data-end=\"927\"><p data-start=\"865\" data-end=\"927\">Contactar al usuario para responder consultas o solicitudes.<\/p><\/li><li data-start=\"928\" data-end=\"981\"><p data-start=\"930\" data-end=\"981\">Gestionar registros, formularios o suscripciones.<\/p><\/li><li data-start=\"982\" data-end=\"1033\"><p data-start=\"984\" data-end=\"1033\">Cumplir con obligaciones legales y contractuales.<\/p><\/li><\/ul><p data-start=\"1035\" data-end=\"1167\"><strong data-start=\"1035\" data-end=\"1075\">3. Derechos del titular de los datos<\/strong><br data-start=\"1075\" data-end=\"1078\" \/>De acuerdo con la Ley 1581 de 2012, el titular de los datos personales tiene derecho a:<\/p><ul data-start=\"1168\" data-end=\"1526\"><li data-start=\"1168\" data-end=\"1215\"><p data-start=\"1170\" data-end=\"1215\">Conocer, actualizar y rectificar sus datos.<\/p><\/li><li data-start=\"1216\" data-end=\"1265\"><p data-start=\"1218\" data-end=\"1265\">Solicitar prueba de la autorizaci\u00f3n otorgada.<\/p><\/li><li data-start=\"1266\" data-end=\"1324\"><p data-start=\"1268\" data-end=\"1324\">Ser informado sobre el uso que se ha dado a sus datos.<\/p><\/li><li data-start=\"1325\" data-end=\"1395\"><p data-start=\"1327\" data-end=\"1395\">Presentar quejas ante la Superintendencia de Industria y Comercio.<\/p><\/li><li data-start=\"1396\" data-end=\"1526\"><p data-start=\"1398\" data-end=\"1526\">Revocar la autorizaci\u00f3n y\/o solicitar la supresi\u00f3n de sus datos cuando no se respeten los principios constitucionales y legales.<\/p><\/li><\/ul><p data-start=\"1528\" data-end=\"1829\"><strong data-start=\"1528\" data-end=\"1567\">4. Autorizaci\u00f3n para el tratamiento<\/strong><br data-start=\"1567\" data-end=\"1570\" \/>El titular autoriza expresamente a <strong data-start=\"1605\" data-end=\"1645\">PRALAR S.A.S<\/strong>\u00a0para tratar sus datos personales conforme a las finalidades descritas. Esta autorizaci\u00f3n se da al completar formularios o al interactuar con los servicios ofrecidos en este sitio web.<\/p><p data-start=\"1831\" data-end=\"2067\"><strong data-start=\"1831\" data-end=\"1858\">5. Medidas de seguridad<\/strong><br data-start=\"1858\" data-end=\"1861\" \/><strong data-start=\"1861\" data-end=\"1884\">PRALAR S.A.S<\/strong>\u00a0se compromete a proteger los datos personales utilizando medidas de seguridad administrativas, t\u00e9cnicas y f\u00edsicas razonables para protegerlos del acceso no autorizado o uso indebido.<\/p><p data-start=\"2069\" data-end=\"2283\"><strong data-start=\"2069\" data-end=\"2095\">6. Consulta y reclamos<\/strong><br data-start=\"2095\" data-end=\"2098\" \/>Para ejercer sus derechos o presentar una solicitud relacionada con sus datos personales, puede escribir a:<br data-start=\"2205\" data-end=\"2208\" \/>Correo: <strong data-start=\"2216\" data-end=\"2240\">[info@galeriaelmuseo.com]<\/strong><br data-start=\"2240\" data-end=\"2243\" \/>Asunto: \u00abProtecci\u00f3n de Datos Personales\u00bb<\/p><p data-start=\"2285\" data-end=\"2480\"><strong data-start=\"2285\" data-end=\"2322\">7. Modificaciones a esta pol\u00edtica<\/strong><br data-start=\"2322\" data-end=\"2325\" \/>Nos reservamos el derecho de modificar esta pol\u00edtica en cualquier momento. Cualquier cambio ser\u00e1 publicado en esta misma p\u00e1gina con fecha de actualizaci\u00f3n.<\/p><hr data-start=\"2482\" data-end=\"2485\" \/><p data-start=\"2487\" data-end=\"2565\">\ud83d\udd10 <strong data-start=\"2490\" data-end=\"2565\">Esta pol\u00edtica cumple con la Ley 1581 de 2012 y el Decreto 1377 de 2013.<\/strong><\/p>\t\t\t\t\t\t\t\t<\/div>\n\t\t\t\t<\/div>\n\t\t\t\t\t<\/div>\n\t\t<\/div>\n\t\t\t\t\t<\/div>\n\t\t<\/section>\n\t\t\t\t<\/div>\n\t\t","protected":false},"excerpt":{"rendered":"<p>POLITICA DE PRIVACIDAD Y DE TRATAMIENTOS DE DATOS PERSONALES \u00daltima actualizaci\u00f3n: Julio 19 | 2025 \u00a0 1. Responsable del tratamiento de datosNombre del responsable: PRALAR S.A.SNIT o c\u00e9dula: 900088205-6Direcci\u00f3n: Calle 80 No 11 &#8211; 42, Bogot\u00e1, ColombiaCorreo electr\u00f3nico: info@galeriaelmuseo.comTel\u00e9fono: (+57) 601 7447588 2. Finalidad del tratamiento de datosLos datos personales recolectados a trav\u00e9s de este [&hellip;]<\/p>\n","protected":false},"author":1,"featured_media":0,"parent":0,"menu_order":0,"comment_status":"closed","ping_status":"closed","template":"","meta":{"site-sidebar-layout":"no-sidebar","site-content-layout":"page-builder","ast-site-content-layout":"full-width-container","site-content-style":"unboxed","site-sidebar-style":"unboxed","ast-global-header-display":"","ast-banner-title-visibility":"","ast-main-header-display":"","ast-hfb-above-header-display":"","ast-hfb-below-header-display":"","ast-hfb-mobile-header-display":"","site-post-title":"disabled","ast-breadcrumbs-content":"","ast-featured-img":"","footer-sml-layout":"","ast-disable-related-posts":"","theme-transparent-header-meta":"enabled","adv-header-id-meta":"","stick-header-meta":"","header-above-stick-meta":"","header-main-stick-meta":"","header-below-stick-meta":"","astra-migrate-meta-layouts":"set","ast-page-background-enabled":"default","ast-page-background-meta":{"desktop":{"background-color":"","background-image":"","background-repeat":"repeat","background-position":"center center","background-size":"auto","background-attachment":"scroll","background-type":"","background-media":"","overlay-type":"","overlay-color":"","overlay-opacity":"","overlay-gradient":""},"tablet":{"background-color":"","background-image":"","background-repeat":"repeat","background-position":"center center","background-size":"auto","background-attachment":"scroll","background-type":"","background-media":"","overlay-type":"","overlay-color":"","overlay-opacity":"","overlay-gradient":""},"mobile":{"background-color":"","background-image":"","background-repeat":"repeat","background-position":"center center","background-size":"auto","background-attachment":"scroll","background-type":"","background-media":"","overlay-type":"","overlay-color":"","overlay-opacity":"","overlay-gradient":""}},"ast-content-background-meta":{"desktop":{"background-color":"var(--ast-global-color-5)","background-image":"","background-repeat":"repeat","background-position":"center center","background-size":"auto","background-attachment":"scroll","background-type":"","background-media":"","overlay-type":"","overlay-color":"","overlay-opacity":"","overlay-gradient":""},"tablet":{"background-color":"var(--ast-global-color-5)","background-image":"","background-repeat":"repeat","background-position":"center center","background-size":"auto","background-attachment":"scroll","background-type":"","background-media":"","overlay-type":"","overlay-color":"","overlay-opacity":"","overlay-gradient":""},"mobile":{"background-color":"var(--ast-global-color-5)","background-image":"","background-repeat":"repeat","background-position":"center center","background-size":"auto","background-attachment":"scroll","background-type":"","background-media":"","overlay-type":"","overlay-color":"","overlay-opacity":"","overlay-gradient":""}},"footnotes":""},"class_list":["post-1527","page","type-page","status-publish","hentry"],"jetpack_sharing_enabled":true,"_links":{"self":[{"href":"https:\/\/galeriaelmuseo.com\/tienda\/wp-json\/wp\/v2\/pages\/1527","targetHints":{"allow":["GET"]}}],"collection":[{"href":"https:\/\/galeriaelmuseo.com\/tienda\/wp-json\/wp\/v2\/pages"}],"about":[{"href":"https:\/\/galeriaelmuseo.com\/tienda\/wp-json\/wp\/v2\/types\/page"}],"author":[{"embeddable":true,"href":"https:\/\/galeriaelmuseo.com\/tienda\/wp-json\/wp\/v2\/users\/1"}],"replies":[{"embeddable":true,"href":"https:\/\/galeriaelmuseo.com\/tienda\/wp-json\/wp\/v2\/comments?post=1527"}],"version-history":[{"count":3,"href":"https:\/\/galeriaelmuseo.com\/tienda\/wp-json\/wp\/v2\/pages\/1527\/revisions"}],"predecessor-version":[{"id":3959,"href":"https:\/\/galeriaelmuseo.com\/tienda\/wp-json\/wp\/v2\/pages\/1527\/revisions\/3959"}],"wp:attachment":[{"href":"https:\/\/galeriaelmuseo.com\/tienda\/wp-json\/wp\/v2\/media?parent=1527"}],"curies":[{"name":"wp","href":"https:\/\/api.w.org\/{rel}","templated":true}]}}